{"id":73,"date":"2025-09-17T09:35:16","date_gmt":"2025-09-17T07:35:16","guid":{"rendered":"https:\/\/kierunek.com.pl\/?page_id=73"},"modified":"2025-10-04T13:53:53","modified_gmt":"2025-10-04T11:53:53","slug":"twoj-kierunek","status":"publish","type":"page","link":"https:\/\/kierunek.com.pl\/","title":{"rendered":"Tw\u00f3j kierunek | Bartosz J\u0119drzejczak"},"content":{"rendered":"\t\t<div data-elementor-type=\"wp-page\" data-elementor-id=\"73\" class=\"elementor elementor-73\">\n\t\t\t\t<div class=\"elementor-element elementor-element-f2f2ad1 e-flex e-con-boxed e-con e-parent\" data-id=\"f2f2ad1\" data-element_type=\"container\" data-e-type=\"container\">\n\t\t\t\t\t<div class=\"e-con-inner\">\n\t\t\t\t<div class=\"elementor-element elementor-element-7976a45 elementor-widget elementor-widget-spacer\" data-id=\"7976a45\" data-element_type=\"widget\" data-e-type=\"widget\" data-widget_type=\"spacer.default\">\n\t\t\t\t\t\t\t<div class=\"elementor-spacer\">\n\t\t\t<div class=\"elementor-spacer-inner\"><\/div>\n\t\t<\/div>\n\t\t\t\t\t\t<\/div>\n\t\t\t\t<div class=\"elementor-element elementor-element-60f4990 elementor-widget elementor-widget-heading\" data-id=\"60f4990\" data-element_type=\"widget\" data-e-type=\"widget\" data-widget_type=\"heading.default\">\n\t\t\t\t\t<h1 class=\"elementor-heading-title elementor-size-default\">Tw\u00f3j Kierunek Bartosz J\u0119drzejczak<\/h1>\t\t\t\t<\/div>\n\t\t\t\t<div class=\"elementor-element elementor-element-6d5124d elementor-widget elementor-widget-image\" data-id=\"6d5124d\" data-element_type=\"widget\" data-e-type=\"widget\" data-widget_type=\"image.default\">\n\t\t\t\t\t\t\t\t\t\t\t\t\t\t\t<img decoding=\"async\" src=\"https:\/\/kierunek.com.pl\/wp-content\/uploads\/elementor\/thumbs\/IMG_7825-1-scaled-raowev66ux4ao482p31a4d3p1axcfd0cdai80uudqc.jpg\" title=\"hobby 7\" alt=\"hobby 7\" loading=\"lazy\" \/>\t\t\t\t\t\t\t\t\t\t\t\t\t\t\t<\/div>\n\t\t\t\t<div class=\"elementor-element elementor-element-39269f5 elementor-widget elementor-widget-heading\" data-id=\"39269f5\" data-element_type=\"widget\" data-e-type=\"widget\" data-widget_type=\"heading.default\">\n\t\t\t\t\t<h2 class=\"elementor-heading-title elementor-size-default\">Wiesz dok\u0105d chcesz i\u015b\u0107, <br>co zobaczy\u0107 i co osi\u0105gn\u0105\u0107<\/h2>\t\t\t\t<\/div>\n\t\t\t\t<div class=\"elementor-element elementor-element-db03c28 elementor-widget-divider--view-line_icon elementor-view-default elementor-widget-divider--element-align-center elementor-widget elementor-widget-divider\" data-id=\"db03c28\" data-element_type=\"widget\" data-e-type=\"widget\" data-widget_type=\"divider.default\">\n\t\t\t\t\t\t\t<div class=\"elementor-divider\">\n\t\t\t<span class=\"elementor-divider-separator\">\n\t\t\t\t\t\t\t<div class=\"elementor-icon elementor-divider__element\">\n\t\t\t\t\t<svg xmlns=\"http:\/\/www.w3.org\/2000\/svg\" xmlns:xlink=\"http:\/\/www.w3.org\/1999\/xlink\" width=\"600\" zoomAndPan=\"magnify\" viewBox=\"0 0 450 225\" height=\"300\" preserveAspectRatio=\"xMidYMid meet\"><defs><clipPath id=\"b76509863b\"><path d=\"M 0 0.703125 L 450 0.703125 L 450 225 L 0 225 Z M 0 0.703125 \" clip-rule=\"nonzero\"><\/path><\/clipPath><clipPath id=\"cfb0e4d628\"><path d=\"M 0 0.703125 L 450 0.703125 L 450 225 L 0 225 Z M 0 0.703125 \" clip-rule=\"nonzero\"><\/path><\/clipPath><clipPath id=\"e29a51d2be\"><rect x=\"0\" width=\"450\" y=\"0\" height=\"225\"><\/rect><\/clipPath><clipPath id=\"68f44cf4f2\"><path d=\"M 28.789062 18.316406 L 419.539062 18.316406 L 419.539062 205.816406 L 28.789062 205.816406 Z M 28.789062 18.316406 \" clip-rule=\"nonzero\"><\/path><\/clipPath><\/defs><rect x=\"-45\" width=\"540\" fill=\"#ffffff\" y=\"-22.5\" height=\"270\" fill-opacity=\"1\"><\/rect><rect x=\"-45\" width=\"540\" fill=\"#ffffff\" y=\"-22.5\" height=\"270\" fill-opacity=\"1\"><\/rect><g clip-path=\"url(#b76509863b)\"><g transform=\"matrix(1, 0, 0, 1, 0, -0.000000000000008549)\"><g clip-path=\"url(#e29a51d2be)\"><g clip-path=\"url(#cfb0e4d628)\"><path fill=\"#ffffff\" d=\"M 0 0.703125 L 450.347656 0.703125 L 450.347656 225 L 0 225 Z M 0 0.703125 \" fill-opacity=\"1\" fill-rule=\"nonzero\"><\/path><\/g><\/g><\/g><\/g><g clip-path=\"url(#68f44cf4f2)\"><path fill=\"#0d264f\" d=\"M 162.105469 112.007812 L 93.398438 205.699219 L 28.789062 205.699219 L 97.496094 112.007812 L 28.789062 18.316406 L 93.398438 18.316406 Z M 222.027344 18.316406 L 157.324219 18.316406 L 226.03125 112.007812 L 157.324219 205.699219 L 222.027344 205.699219 L 290.734375 112.007812 Z M 350.464844 18.316406 L 285.855469 18.316406 L 354.5625 112.007812 L 285.855469 205.699219 L 350.464844 205.699219 L 419.171875 112.007812 Z M 350.464844 18.316406 \" fill-opacity=\"1\" fill-rule=\"nonzero\"><\/path><\/g><\/svg><\/div>\n\t\t\t\t\t\t<\/span>\n\t\t<\/div>\n\t\t\t\t\t\t<\/div>\n\t\t\t\t\t<\/div>\n\t\t\t\t<\/div>\n\t\t<div class=\"elementor-element elementor-element-6e2f514 e-flex e-con-boxed e-con e-parent\" data-id=\"6e2f514\" data-element_type=\"container\" data-e-type=\"container\">\n\t\t\t\t\t<div class=\"e-con-inner\">\n\t\t\t\t<div class=\"elementor-element elementor-element-8b86fe1 elementor-widget elementor-widget-text-editor\" data-id=\"8b86fe1\" data-element_type=\"widget\" data-e-type=\"widget\" data-widget_type=\"text-editor.default\">\n\t\t\t\t\t\t\t\t\t<h2 class=\"wp-block-heading has-text-align-center\">tutoring * szkolenia * coaching * konsultacje * wsparcie rozwojowe<\/h2>\n<h5 class=\"has-text-align-center\">dla samorz\u0105d\u00f3w, organizacji, firm i os\u00f3b indywidualnych<\/h5>\t\t\t\t\t\t\t\t<\/div>\n\t\t\t\t<div class=\"elementor-element elementor-element-cfd29f7 elementor-widget-divider--view-line_icon elementor-view-default elementor-widget-divider--element-align-center elementor-widget elementor-widget-divider\" data-id=\"cfd29f7\" data-element_type=\"widget\" data-e-type=\"widget\" data-widget_type=\"divider.default\">\n\t\t\t\t\t\t\t<div class=\"elementor-divider\">\n\t\t\t<span class=\"elementor-divider-separator\">\n\t\t\t\t\t\t\t<div class=\"elementor-icon elementor-divider__element\">\n\t\t\t\t\t<svg xmlns=\"http:\/\/www.w3.org\/2000\/svg\" xmlns:xlink=\"http:\/\/www.w3.org\/1999\/xlink\" width=\"600\" zoomAndPan=\"magnify\" viewBox=\"0 0 450 225\" height=\"300\" preserveAspectRatio=\"xMidYMid meet\"><defs><clipPath id=\"b76509863b\"><path d=\"M 0 0.703125 L 450 0.703125 L 450 225 L 0 225 Z M 0 0.703125 \" clip-rule=\"nonzero\"><\/path><\/clipPath><clipPath id=\"cfb0e4d628\"><path d=\"M 0 0.703125 L 450 0.703125 L 450 225 L 0 225 Z M 0 0.703125 \" clip-rule=\"nonzero\"><\/path><\/clipPath><clipPath id=\"e29a51d2be\"><rect x=\"0\" width=\"450\" y=\"0\" height=\"225\"><\/rect><\/clipPath><clipPath id=\"68f44cf4f2\"><path d=\"M 28.789062 18.316406 L 419.539062 18.316406 L 419.539062 205.816406 L 28.789062 205.816406 Z M 28.789062 18.316406 \" clip-rule=\"nonzero\"><\/path><\/clipPath><\/defs><rect x=\"-45\" width=\"540\" fill=\"#ffffff\" y=\"-22.5\" height=\"270\" fill-opacity=\"1\"><\/rect><rect x=\"-45\" width=\"540\" fill=\"#ffffff\" y=\"-22.5\" height=\"270\" fill-opacity=\"1\"><\/rect><g clip-path=\"url(#b76509863b)\"><g transform=\"matrix(1, 0, 0, 1, 0, -0.000000000000008549)\"><g clip-path=\"url(#e29a51d2be)\"><g clip-path=\"url(#cfb0e4d628)\"><path fill=\"#ffffff\" d=\"M 0 0.703125 L 450.347656 0.703125 L 450.347656 225 L 0 225 Z M 0 0.703125 \" fill-opacity=\"1\" fill-rule=\"nonzero\"><\/path><\/g><\/g><\/g><\/g><g clip-path=\"url(#68f44cf4f2)\"><path fill=\"#0d264f\" d=\"M 162.105469 112.007812 L 93.398438 205.699219 L 28.789062 205.699219 L 97.496094 112.007812 L 28.789062 18.316406 L 93.398438 18.316406 Z M 222.027344 18.316406 L 157.324219 18.316406 L 226.03125 112.007812 L 157.324219 205.699219 L 222.027344 205.699219 L 290.734375 112.007812 Z M 350.464844 18.316406 L 285.855469 18.316406 L 354.5625 112.007812 L 285.855469 205.699219 L 350.464844 205.699219 L 419.171875 112.007812 Z M 350.464844 18.316406 \" fill-opacity=\"1\" fill-rule=\"nonzero\"><\/path><\/g><\/svg><\/div>\n\t\t\t\t\t\t<\/span>\n\t\t<\/div>\n\t\t\t\t\t\t<\/div>\n\t\t\t\t\t<\/div>\n\t\t\t\t<\/div>\n\t\t<div class=\"elementor-element elementor-element-5fff2c5 e-flex e-con-boxed e-con e-parent\" data-id=\"5fff2c5\" data-element_type=\"container\" data-e-type=\"container\">\n\t\t\t\t\t<div class=\"e-con-inner\">\n\t\t\t\t<div class=\"elementor-element elementor-element-d2abdc7 elementor-widget elementor-widget-heading\" data-id=\"d2abdc7\" data-element_type=\"widget\" data-e-type=\"widget\" data-widget_type=\"heading.default\">\n\t\t\t\t\t<h2 class=\"elementor-heading-title elementor-size-default\">wi\u0119cej na:<\/h2>\t\t\t\t<\/div>\n\t\t\t\t<div class=\"elementor-element elementor-element-7d94989 elementor-shape-circle elementor-grid-0 e-grid-align-center elementor-widget elementor-widget-social-icons\" data-id=\"7d94989\" data-element_type=\"widget\" data-e-type=\"widget\" data-widget_type=\"social-icons.default\">\n\t\t\t\t\t\t\t<div class=\"elementor-social-icons-wrapper elementor-grid\">\n\t\t\t\t\t\t\t<span class=\"elementor-grid-item\">\n\t\t\t\t\t<a class=\"elementor-icon elementor-social-icon elementor-social-icon-facebook-f elementor-repeater-item-3c2ec43\" href=\"https:\/\/www.facebook.com\/Kierunek\" target=\"_blank\">\n\t\t\t\t\t\t<span class=\"elementor-screen-only\">Facebook-f<\/span>\n\t\t\t\t\t\t<svg aria-hidden=\"true\" class=\"e-font-icon-svg e-fab-facebook-f\" viewBox=\"0 0 320 512\" xmlns=\"http:\/\/www.w3.org\/2000\/svg\"><path d=\"M279.14 288l14.22-92.66h-88.91v-60.13c0-25.35 12.42-50.06 52.24-50.06h40.42V6.26S260.43 0 225.36 0c-73.22 0-121.08 44.38-121.08 124.72v70.62H22.89V288h81.39v224h100.17V288z\"><\/path><\/svg>\t\t\t\t\t<\/a>\n\t\t\t\t<\/span>\n\t\t\t\t\t<\/div>\n\t\t\t\t\t\t<\/div>\n\t\t\t\t\t<\/div>\n\t\t\t\t<\/div>\n\t\t<div class=\"elementor-element elementor-element-6d6fa43 e-flex e-con-boxed e-con e-parent\" data-id=\"6d6fa43\" data-element_type=\"container\" data-e-type=\"container\">\n\t\t\t\t\t<div class=\"e-con-inner\">\n\t\t\t\t<div class=\"elementor-element elementor-element-9038573 elementor-widget-divider--view-line_icon elementor-view-default elementor-widget-divider--element-align-center elementor-widget elementor-widget-divider\" data-id=\"9038573\" data-element_type=\"widget\" data-e-type=\"widget\" data-widget_type=\"divider.default\">\n\t\t\t\t\t\t\t<div class=\"elementor-divider\">\n\t\t\t<span class=\"elementor-divider-separator\">\n\t\t\t\t\t\t\t<div class=\"elementor-icon elementor-divider__element\">\n\t\t\t\t\t<svg xmlns=\"http:\/\/www.w3.org\/2000\/svg\" xmlns:xlink=\"http:\/\/www.w3.org\/1999\/xlink\" width=\"600\" zoomAndPan=\"magnify\" viewBox=\"0 0 450 225\" height=\"300\" preserveAspectRatio=\"xMidYMid meet\"><defs><clipPath id=\"b76509863b\"><path d=\"M 0 0.703125 L 450 0.703125 L 450 225 L 0 225 Z M 0 0.703125 \" clip-rule=\"nonzero\"><\/path><\/clipPath><clipPath id=\"cfb0e4d628\"><path d=\"M 0 0.703125 L 450 0.703125 L 450 225 L 0 225 Z M 0 0.703125 \" clip-rule=\"nonzero\"><\/path><\/clipPath><clipPath id=\"e29a51d2be\"><rect x=\"0\" width=\"450\" y=\"0\" height=\"225\"><\/rect><\/clipPath><clipPath id=\"68f44cf4f2\"><path d=\"M 28.789062 18.316406 L 419.539062 18.316406 L 419.539062 205.816406 L 28.789062 205.816406 Z M 28.789062 18.316406 \" clip-rule=\"nonzero\"><\/path><\/clipPath><\/defs><rect x=\"-45\" width=\"540\" fill=\"#ffffff\" y=\"-22.5\" height=\"270\" fill-opacity=\"1\"><\/rect><rect x=\"-45\" width=\"540\" fill=\"#ffffff\" y=\"-22.5\" height=\"270\" fill-opacity=\"1\"><\/rect><g clip-path=\"url(#b76509863b)\"><g transform=\"matrix(1, 0, 0, 1, 0, -0.000000000000008549)\"><g clip-path=\"url(#e29a51d2be)\"><g clip-path=\"url(#cfb0e4d628)\"><path fill=\"#ffffff\" d=\"M 0 0.703125 L 450.347656 0.703125 L 450.347656 225 L 0 225 Z M 0 0.703125 \" fill-opacity=\"1\" fill-rule=\"nonzero\"><\/path><\/g><\/g><\/g><\/g><g clip-path=\"url(#68f44cf4f2)\"><path fill=\"#0d264f\" d=\"M 162.105469 112.007812 L 93.398438 205.699219 L 28.789062 205.699219 L 97.496094 112.007812 L 28.789062 18.316406 L 93.398438 18.316406 Z M 222.027344 18.316406 L 157.324219 18.316406 L 226.03125 112.007812 L 157.324219 205.699219 L 222.027344 205.699219 L 290.734375 112.007812 Z M 350.464844 18.316406 L 285.855469 18.316406 L 354.5625 112.007812 L 285.855469 205.699219 L 350.464844 205.699219 L 419.171875 112.007812 Z M 350.464844 18.316406 \" fill-opacity=\"1\" fill-rule=\"nonzero\"><\/path><\/g><\/svg><\/div>\n\t\t\t\t\t\t<\/span>\n\t\t<\/div>\n\t\t\t\t\t\t<\/div>\n\t\t\t\t<div class=\"elementor-element elementor-element-5a640b4 elementor-widget elementor-widget-heading\" data-id=\"5a640b4\" data-element_type=\"widget\" data-e-type=\"widget\" data-widget_type=\"heading.default\">\n\t\t\t\t\t<h4 class=\"elementor-heading-title elementor-size-default\">To jest TW\u00d3J KIERUNEK<\/h4>\t\t\t\t<\/div>\n\t\t\t\t<div class=\"elementor-element elementor-element-e21e3fa elementor-widget-divider--view-line_icon elementor-view-default elementor-widget-divider--element-align-center elementor-widget elementor-widget-divider\" data-id=\"e21e3fa\" data-element_type=\"widget\" data-e-type=\"widget\" data-widget_type=\"divider.default\">\n\t\t\t\t\t\t\t<div class=\"elementor-divider\">\n\t\t\t<span class=\"elementor-divider-separator\">\n\t\t\t\t\t\t\t<div class=\"elementor-icon elementor-divider__element\">\n\t\t\t\t\t<svg xmlns=\"http:\/\/www.w3.org\/2000\/svg\" xmlns:xlink=\"http:\/\/www.w3.org\/1999\/xlink\" width=\"600\" zoomAndPan=\"magnify\" viewBox=\"0 0 450 225\" height=\"300\" preserveAspectRatio=\"xMidYMid meet\"><defs><clipPath id=\"b76509863b\"><path d=\"M 0 0.703125 L 450 0.703125 L 450 225 L 0 225 Z M 0 0.703125 \" clip-rule=\"nonzero\"><\/path><\/clipPath><clipPath id=\"cfb0e4d628\"><path d=\"M 0 0.703125 L 450 0.703125 L 450 225 L 0 225 Z M 0 0.703125 \" clip-rule=\"nonzero\"><\/path><\/clipPath><clipPath id=\"e29a51d2be\"><rect x=\"0\" width=\"450\" y=\"0\" height=\"225\"><\/rect><\/clipPath><clipPath id=\"68f44cf4f2\"><path d=\"M 28.789062 18.316406 L 419.539062 18.316406 L 419.539062 205.816406 L 28.789062 205.816406 Z M 28.789062 18.316406 \" clip-rule=\"nonzero\"><\/path><\/clipPath><\/defs><rect x=\"-45\" width=\"540\" fill=\"#ffffff\" y=\"-22.5\" height=\"270\" fill-opacity=\"1\"><\/rect><rect x=\"-45\" width=\"540\" fill=\"#ffffff\" y=\"-22.5\" height=\"270\" fill-opacity=\"1\"><\/rect><g clip-path=\"url(#b76509863b)\"><g transform=\"matrix(1, 0, 0, 1, 0, -0.000000000000008549)\"><g clip-path=\"url(#e29a51d2be)\"><g clip-path=\"url(#cfb0e4d628)\"><path fill=\"#ffffff\" d=\"M 0 0.703125 L 450.347656 0.703125 L 450.347656 225 L 0 225 Z M 0 0.703125 \" fill-opacity=\"1\" fill-rule=\"nonzero\"><\/path><\/g><\/g><\/g><\/g><g clip-path=\"url(#68f44cf4f2)\"><path fill=\"#0d264f\" d=\"M 162.105469 112.007812 L 93.398438 205.699219 L 28.789062 205.699219 L 97.496094 112.007812 L 28.789062 18.316406 L 93.398438 18.316406 Z M 222.027344 18.316406 L 157.324219 18.316406 L 226.03125 112.007812 L 157.324219 205.699219 L 222.027344 205.699219 L 290.734375 112.007812 Z M 350.464844 18.316406 L 285.855469 18.316406 L 354.5625 112.007812 L 285.855469 205.699219 L 350.464844 205.699219 L 419.171875 112.007812 Z M 350.464844 18.316406 \" fill-opacity=\"1\" fill-rule=\"nonzero\"><\/path><\/g><\/svg><\/div>\n\t\t\t\t\t\t<\/span>\n\t\t<\/div>\n\t\t\t\t\t\t<\/div>\n\t\t\t\t\t<\/div>\n\t\t\t\t<\/div>\n\t\t\t\t<\/div>\n\t\t","protected":false},"excerpt":{"rendered":"<p>Tw\u00f3j Kierunek Bartosz J\u0119drzejczak Wiesz dok\u0105d chcesz i\u015b\u0107, co zobaczy\u0107 i co osi\u0105gn\u0105\u0107 tutoring * szkolenia * coaching * konsultacje * wsparcie rozwojowe dla samorz\u0105d\u00f3w, organizacji, firm i os\u00f3b indywidualnych wi\u0119cej na: Facebook-f To jest TW\u00d3J KIERUNEK<\/p>\n","protected":false},"author":1,"featured_media":0,"parent":0,"menu_order":0,"comment_status":"closed","ping_status":"closed","template":"page-templates\/template-pagebuilder-full-width.php","meta":{"neve_meta_sidebar":"","neve_meta_container":"","neve_meta_enable_content_width":"","neve_meta_content_width":0,"neve_meta_title_alignment":"","neve_meta_author_avatar":"","neve_post_elements_order":"","neve_meta_disable_header":"","neve_meta_disable_footer":"","neve_meta_disable_title":"","_themeisle_gutenberg_block_has_review":false,"footnotes":""},"class_list":["post-73","page","type-page","status-publish","hentry"],"_links":{"self":[{"href":"https:\/\/kierunek.com.pl\/index.php?rest_route=\/wp\/v2\/pages\/73","targetHints":{"allow":["GET"]}}],"collection":[{"href":"https:\/\/kierunek.com.pl\/index.php?rest_route=\/wp\/v2\/pages"}],"about":[{"href":"https:\/\/kierunek.com.pl\/index.php?rest_route=\/wp\/v2\/types\/page"}],"author":[{"embeddable":true,"href":"https:\/\/kierunek.com.pl\/index.php?rest_route=\/wp\/v2\/users\/1"}],"replies":[{"embeddable":true,"href":"https:\/\/kierunek.com.pl\/index.php?rest_route=%2Fwp%2Fv2%2Fcomments&post=73"}],"version-history":[{"count":38,"href":"https:\/\/kierunek.com.pl\/index.php?rest_route=\/wp\/v2\/pages\/73\/revisions"}],"predecessor-version":[{"id":272,"href":"https:\/\/kierunek.com.pl\/index.php?rest_route=\/wp\/v2\/pages\/73\/revisions\/272"}],"wp:attachment":[{"href":"https:\/\/kierunek.com.pl\/index.php?rest_route=%2Fwp%2Fv2%2Fmedia&parent=73"}],"curies":[{"name":"wp","href":"https:\/\/api.w.org\/{rel}","templated":true}]}}